{"id":2,"date":"2025-11-28T10:20:05","date_gmt":"2025-11-28T10:20:05","guid":{"rendered":"https:\/\/granjatierraverde.com.ar\/?page_id=2"},"modified":"2025-11-28T13:50:21","modified_gmt":"2025-11-28T13:50:21","slug":"sample-page","status":"publish","type":"page","link":"https:\/\/granjatierraverde.com.ar\/?page_id=2","title":{"rendered":"Vision"},"content":{"rendered":"\n<p>El concepto de\u00a0<strong>\u00abhuevo de gallinas felices\u00bb<\/strong>\u00a0se refiere a\u00a0<mark>huevos producidos por gallinas que son criadas en condiciones de mayor bienestar, permiti\u00e9ndoles expresar su comportamiento natural al tener acceso a \u00e1reas para pastorear y estar libres de jaulas<\/mark>. Esto se traduce en una producci\u00f3n que prioriza su salud, lo que supuestamente genera huevos con mejor calidad nutricional, m\u00e1s prote\u00edna y un sabor m\u00e1s intenso y apreciado por los consumidores.\u00a0. <\/p>\n\n\n\n<p><\/p>\n","protected":false},"excerpt":{"rendered":"<p>El concepto de\u00a0\u00abhuevo de gallinas felices\u00bb\u00a0se refiere a\u00a0huevos producidos por gallinas que son criadas en condiciones de mayor bienestar, permiti\u00e9ndoles expresar su comportamiento natural al tener acceso a \u00e1reas para pastorear y estar libres de jaulas. Esto se traduce en una producci\u00f3n que prioriza su salud, lo que supuestamente genera huevos con mejor calidad nutricional, [&hellip;]<\/p>\n","protected":false},"author":1,"featured_media":0,"parent":0,"menu_order":0,"comment_status":"closed","ping_status":"open","template":"","meta":{"footnotes":""},"class_list":["post-2","page","type-page","status-publish","hentry"],"_links":{"self":[{"href":"https:\/\/granjatierraverde.com.ar\/index.php?rest_route=\/wp\/v2\/pages\/2","targetHints":{"allow":["GET"]}}],"collection":[{"href":"https:\/\/granjatierraverde.com.ar\/index.php?rest_route=\/wp\/v2\/pages"}],"about":[{"href":"https:\/\/granjatierraverde.com.ar\/index.php?rest_route=\/wp\/v2\/types\/page"}],"author":[{"embeddable":true,"href":"https:\/\/granjatierraverde.com.ar\/index.php?rest_route=\/wp\/v2\/users\/1"}],"replies":[{"embeddable":true,"href":"https:\/\/granjatierraverde.com.ar\/index.php?rest_route=%2Fwp%2Fv2%2Fcomments&post=2"}],"version-history":[{"count":2,"href":"https:\/\/granjatierraverde.com.ar\/index.php?rest_route=\/wp\/v2\/pages\/2\/revisions"}],"predecessor-version":[{"id":20,"href":"https:\/\/granjatierraverde.com.ar\/index.php?rest_route=\/wp\/v2\/pages\/2\/revisions\/20"}],"wp:attachment":[{"href":"https:\/\/granjatierraverde.com.ar\/index.php?rest_route=%2Fwp%2Fv2%2Fmedia&parent=2"}],"curies":[{"name":"wp","href":"https:\/\/api.w.org\/{rel}","templated":true}]}}